{"id":2,"date":"2012-11-23T13:33:16","date_gmt":"2012-11-23T11:33:16","guid":{"rendered":"http:\/\/www.webim.com.tr\/blog\/?page_id=2"},"modified":"2018-06-12T13:16:36","modified_gmt":"2018-06-12T10:16:36","slug":"webim-host","status":"publish","type":"page","link":"https:\/\/www.webim.com.tr\/blog\/webim-host\/","title":{"rendered":"Hakk\u0131m\u0131zda"},"content":{"rendered":"<p>2004 y\u0131l\u0131ndan bu yana bili\u015fim sekt\u00f6r\u00fcn\u00fcn \u00e7e\u015fitli alanlar\u0131nda faaliyet g\u00f6steren firmam\u0131z 2006 y\u0131l\u0131nda Webim tescilli markas\u0131 ile T\u00fcrkiye ve Uluslararas\u0131 pazara y\u00f6nelik hosting, kiral\u0131k sunucu, co-location ve alan ad\u0131 sat\u0131\u015f hizmetlerine ba\u015flam\u0131\u015ft\u0131r.<\/p>\n<p>Hizmetimizin ba\u015flad\u0131\u011f\u0131 ilk y\u0131llarda T\u00fcrkiye&#8217;de olduk\u00e7a yeni olan sekt\u00f6r\u00fcm\u00fcz \u00f6zellikle 2004 y\u0131l\u0131ndan sonra ciddi y\u00fckselme ya\u015fayarak b\u00fcy\u00fck bir Pazar haline gelmi\u015ftir. \u015eu an \u00fclkemizde farkl\u0131 b\u00fcy\u00fckl\u00fcklerde 2000 den fazla firma hosting hizmeti vermektedir.<\/p>\n<p>24 saat izlenen veri merkezimizde t\u00fcm sunucular\u0131m\u0131z\u0131n gerekli portlar\u0131 yaz\u0131l\u0131mlar ile 1 dakikal\u0131k aral\u0131klarla otomatik olarak g\u00f6zetlenmektedir. T\u00fcm sunucular\u0131m\u0131z\u0131n image yedekleri gecelik olarak d\u00fczenli al\u0131nmaktad\u0131r.<\/p>\n<p>Sunucular\u0131m\u0131zda sa\u011flanan hosting hizmetlerimiz i\u00e7in Plesk ve Cpanel kontrol paneli kullan\u0131lmaktad\u0131r.<\/p>\n<p>Webim 2007 eyl\u00fcl ay\u0131nda tamamlad\u0131\u011f\u0131 yeni m\u00fc\u015fteri takip ve y\u00f6netim tabanl\u0131 web sitesi ile, hosting a\u00e7\u0131l\u0131\u015f\u0131, domain y\u00f6netimi, \u015fifre y\u00f6netimleri, yenileme i\u015flemleri gibi bir \u00e7ok i\u015flemin online ve an\u0131nda ger\u00e7ekle\u015fmesini sa\u011flam\u0131\u015ft\u0131r.<\/p>\n<p>Webim hosting hizmetlerini ger\u00e7ekle\u015ftirdi\u011fi t\u00fcm sunucular\u0131n\u0131 Intel Xeon veya AMD Opteron i\u015flemcili HP veya IBM sunucu sistemleri kullanmaktad\u0131r. B\u00f6ylece OEM bilgisayarlar ile yap\u0131lan hosting hizmetlerine oranla ciddi bir performans fark\u0131 sa\u011flanmaktad\u0131r.<\/p>\n","protected":false},"excerpt":{"rendered":"<p>2004 y\u0131l\u0131ndan bu yana bili\u015fim sekt\u00f6r\u00fcn\u00fcn \u00e7e\u015fitli alanlar\u0131nda faaliyet g\u00f6steren firmam\u0131z 2006 y\u0131l\u0131nda Webim tescilli markas\u0131 ile T\u00fcrkiye ve Uluslararas\u0131 pazara y\u00f6nelik hosting, kiral\u0131k sunucu, co-location ve alan ad\u0131 sat\u0131\u015f hizmetlerine ba\u015flam\u0131\u015ft\u0131r. Hizmetimizin ba\u015flad\u0131\u011f\u0131 ilk y\u0131llarda T\u00fcrkiye&#8217;de olduk\u00e7a yeni olan sekt\u00f6r\u00fcm\u00fcz \u00f6zellikle 2004 y\u0131l\u0131ndan sonra ciddi y\u00fckselme ya\u015fayarak b\u00fcy\u00fck bir Pazar haline gelmi\u015ftir. \u015eu an [&hellip;]<\/p>\n","protected":false},"author":1,"featured_media":0,"parent":0,"menu_order":0,"comment_status":"open","ping_status":"closed","template":"","meta":[],"yoast_head":"<!-- This site is optimized with the Yoast SEO plugin v16.4 - https:\/\/yoast.com\/wordpress\/plugins\/seo\/ -->\n<title>Hakk\u0131m\u0131zda - Webim Hosting - Blog<\/title>\n<meta name=\"robots\" content=\"index, follow, max-snippet:-1, max-image-preview:large, max-video-preview:-1\" \/>\n<link rel=\"canonical\" href=\"https:\/\/www.webim.com.tr\/blog\/webim-host\/\" \/>\n<meta property=\"og:locale\" content=\"tr_TR\" \/>\n<meta property=\"og:type\" content=\"article\" \/>\n<meta property=\"og:title\" content=\"Hakk\u0131m\u0131zda - Webim Hosting - Blog\" \/>\n<meta property=\"og:description\" content=\"2004 y\u0131l\u0131ndan bu yana bili\u015fim sekt\u00f6r\u00fcn\u00fcn \u00e7e\u015fitli alanlar\u0131nda faaliyet g\u00f6steren firmam\u0131z 2006 y\u0131l\u0131nda Webim tescilli markas\u0131 ile T\u00fcrkiye ve Uluslararas\u0131 pazara y\u00f6nelik hosting, kiral\u0131k sunucu, co-location ve alan ad\u0131 sat\u0131\u015f hizmetlerine ba\u015flam\u0131\u015ft\u0131r. Hizmetimizin ba\u015flad\u0131\u011f\u0131 ilk y\u0131llarda T\u00fcrkiye&#8217;de olduk\u00e7a yeni olan sekt\u00f6r\u00fcm\u00fcz \u00f6zellikle 2004 y\u0131l\u0131ndan sonra ciddi y\u00fckselme ya\u015fayarak b\u00fcy\u00fck bir Pazar haline gelmi\u015ftir. \u015eu an [&hellip;]\" \/>\n<meta property=\"og:url\" content=\"https:\/\/www.webim.com.tr\/blog\/webim-host\/\" \/>\n<meta property=\"og:site_name\" content=\"Webim Hosting - Blog\" \/>\n<meta property=\"article:modified_time\" content=\"2018-06-12T10:16:36+00:00\" \/>\n<meta name=\"twitter:card\" content=\"summary_large_image\" \/>\n<meta name=\"twitter:label1\" content=\"Tahmini okuma s\u00fcresi\" \/>\n\t<meta name=\"twitter:data1\" content=\"1 dakika\" \/>\n<script type=\"application\/ld+json\" class=\"yoast-schema-graph\">{\"@context\":\"https:\/\/schema.org\",\"@graph\":[{\"@type\":\"WebSite\",\"@id\":\"https:\/\/www.webim.com.tr\/blog\/#website\",\"url\":\"https:\/\/www.webim.com.tr\/blog\/\",\"name\":\"Webim Hosting - Blog\",\"description\":\"Domain, Hosting, Sunucu, Ssl Sertifikas\\u0131\",\"potentialAction\":[{\"@type\":\"SearchAction\",\"target\":\"https:\/\/www.webim.com.tr\/blog\/?s={search_term_string}\",\"query-input\":\"required name=search_term_string\"}],\"inLanguage\":\"tr\"},{\"@type\":\"WebPage\",\"@id\":\"https:\/\/www.webim.com.tr\/blog\/webim-host\/#webpage\",\"url\":\"https:\/\/www.webim.com.tr\/blog\/webim-host\/\",\"name\":\"Hakk\\u0131m\\u0131zda - Webim Hosting - Blog\",\"isPartOf\":{\"@id\":\"https:\/\/www.webim.com.tr\/blog\/#website\"},\"datePublished\":\"2012-11-23T11:33:16+00:00\",\"dateModified\":\"2018-06-12T10:16:36+00:00\",\"breadcrumb\":{\"@id\":\"https:\/\/www.webim.com.tr\/blog\/webim-host\/#breadcrumb\"},\"inLanguage\":\"tr\",\"potentialAction\":[{\"@type\":\"ReadAction\",\"target\":[\"https:\/\/www.webim.com.tr\/blog\/webim-host\/\"]}]},{\"@type\":\"BreadcrumbList\",\"@id\":\"https:\/\/www.webim.com.tr\/blog\/webim-host\/#breadcrumb\",\"itemListElement\":[{\"@type\":\"ListItem\",\"position\":1,\"item\":{\"@type\":\"WebPage\",\"@id\":\"https:\/\/www.webim.com.tr\/blog\/\",\"url\":\"https:\/\/www.webim.com.tr\/blog\/\",\"name\":\"Ana sayfa\"}},{\"@type\":\"ListItem\",\"position\":2,\"item\":{\"@id\":\"https:\/\/www.webim.com.tr\/blog\/webim-host\/#webpage\"}}]}]}<\/script>\n<!-- \/ Yoast SEO plugin. -->","_links":{"self":[{"href":"https:\/\/www.webim.com.tr\/blog\/wp-json\/wp\/v2\/pages\/2"}],"collection":[{"href":"https:\/\/www.webim.com.tr\/blog\/wp-json\/wp\/v2\/pages"}],"about":[{"href":"https:\/\/www.webim.com.tr\/blog\/wp-json\/wp\/v2\/types\/page"}],"author":[{"embeddable":true,"href":"https:\/\/www.webim.com.tr\/blog\/wp-json\/wp\/v2\/users\/1"}],"replies":[{"embeddable":true,"href":"https:\/\/www.webim.com.tr\/blog\/wp-json\/wp\/v2\/comments?post=2"}],"version-history":[{"count":3,"href":"https:\/\/www.webim.com.tr\/blog\/wp-json\/wp\/v2\/pages\/2\/revisions"}],"predecessor-version":[{"id":137,"href":"https:\/\/www.webim.com.tr\/blog\/wp-json\/wp\/v2\/pages\/2\/revisions\/137"}],"wp:attachment":[{"href":"https:\/\/www.webim.com.tr\/blog\/wp-json\/wp\/v2\/media?parent=2"}],"curies":[{"name":"wp","href":"https:\/\/api.w.org\/{rel}","templated":true}]}}